{"id":323,"date":"2025-04-10T02:27:51","date_gmt":"2025-04-10T02:27:51","guid":{"rendered":"https:\/\/mateuspelanda.umbalab.art\/?page_id=323"},"modified":"2025-04-10T02:45:43","modified_gmt":"2025-04-10T02:45:43","slug":"coolspotted","status":"publish","type":"page","link":"https:\/\/mateuspelanda.umbalab.art\/pt\/coolspotted\/","title":{"rendered":"CoolSpotted"},"content":{"rendered":"<div data-elementor-type=\"wp-page\" data-elementor-id=\"323\" class=\"elementor elementor-323\" data-elementor-settings=\"{&quot;ha_cmc_init_switcher&quot;:&quot;no&quot;}\">\n\t\t\t\t<div class=\"elementor-element elementor-element-7d1c215 e-con-full e-flex wpr-particle-no wpr-jarallax-no wpr-parallax-no wpr-sticky-section-no wpr-column-slider-no wpr-equal-height-no e-con e-parent\" data-id=\"7d1c215\" data-element_type=\"container\" data-e-type=\"container\" data-settings=\"{&quot;background_background&quot;:&quot;classic&quot;,&quot;_ha_eqh_enable&quot;:false}\">\n\t\t\t\t<div class=\"elementor-element elementor-element-c4931b8 elementor-widget elementor-widget-image\" data-id=\"c4931b8\" data-element_type=\"widget\" data-e-type=\"widget\" data-widget_type=\"image.default\">\n\t\t\t\t<div class=\"elementor-widget-container\">\n\t\t\t\t\t\t\t\t\t\t\t\t\t\t\t<img fetchpriority=\"high\" decoding=\"async\" width=\"1440\" height=\"1024\" src=\"https:\/\/mateuspelanda.umbalab.art\/wp-content\/uploads\/2025\/04\/CoolSpotted-01.png\" class=\"attachment-full size-full wp-image-325\" alt=\"\" srcset=\"https:\/\/mateuspelanda.umbalab.art\/wp-content\/uploads\/2025\/04\/CoolSpotted-01.png 1440w, https:\/\/mateuspelanda.umbalab.art\/wp-content\/uploads\/2025\/04\/CoolSpotted-01-300x213.png 300w, https:\/\/mateuspelanda.umbalab.art\/wp-content\/uploads\/2025\/04\/CoolSpotted-01-1024x728.png 1024w, https:\/\/mateuspelanda.umbalab.art\/wp-content\/uploads\/2025\/04\/CoolSpotted-01-768x546.png 768w\" sizes=\"(max-width: 1440px) 100vw, 1440px\" \/>\t\t\t\t\t\t\t\t\t\t\t\t\t\t\t<\/div>\n\t\t\t\t<\/div>\n\t\t\t\t<div class=\"elementor-element elementor-element-2ab69f4 elementor-widget elementor-widget-spacer\" data-id=\"2ab69f4\" data-element_type=\"widget\" data-e-type=\"widget\" data-widget_type=\"spacer.default\">\n\t\t\t\t<div class=\"elementor-widget-container\">\n\t\t\t\t\t\t\t<div class=\"elementor-spacer\">\n\t\t\t<div class=\"elementor-spacer-inner\"><\/div>\n\t\t<\/div>\n\t\t\t\t\t\t<\/div>\n\t\t\t\t<\/div>\n\t\t\t\t<div class=\"elementor-element elementor-element-447d250 elementor-widget elementor-widget-heading\" data-id=\"447d250\" data-element_type=\"widget\" data-e-type=\"widget\" data-widget_type=\"heading.default\">\n\t\t\t\t<div class=\"elementor-widget-container\">\n\t\t\t\t\t<h2 class=\"elementor-heading-title elementor-size-default\">Sobre<\/h2>\t\t\t\t<\/div>\n\t\t\t\t<\/div>\n\t\t\t\t<div class=\"elementor-element elementor-element-4d1e5d7 elementor-widget elementor-widget-text-editor\" data-id=\"4d1e5d7\" data-element_type=\"widget\" data-e-type=\"widget\" data-widget_type=\"text-editor.default\">\n\t\t\t\t<div class=\"elementor-widget-container\">\n\t\t\t\t\t\t\t\t\t<div><div><div><span style=\"font-size: 24px;\">CoolSpotted foi um aplicativo que desenvolvi em 2018. Aqui fiz tanto a parte de UI, UX quanto o desenvolvimento (linguagem Swift). Na \u00e9poca em que eu estava na Apple Developper Academy e o desenvolvi esse aplicativo o desenvolvi por completo em uma semana. A ideia era desenvolver um aplicativo para dispositivos m\u00f3veis (iOS) que pudesse funcionar como um sistema de comunica\u00e7\u00e3o entre pessoas para mandarem mensagens instant\u00e2neas sobre como um local esta, compartilhar sobre descontos em determinado mercado, flertarem, encontrarem amigos que se perderam no meio de uma festa e assim por diante. Nessa plataforma, as postagem somente poderiam ser feitas se a pessoa estivesse no local, sen\u00e3o somente poderiam ler o que estava acontecendo. Todas as mensagens somente existiam por 24 horas e, depois disso, eram deletadas automaticamente.<\/span><\/div><\/div><\/div>\t\t\t\t\t\t\t\t<\/div>\n\t\t\t\t<\/div>\n\t\t\t\t<div class=\"elementor-element elementor-element-b14b680 elementor-widget elementor-widget-spacer\" data-id=\"b14b680\" data-element_type=\"widget\" data-e-type=\"widget\" data-widget_type=\"spacer.default\">\n\t\t\t\t<div class=\"elementor-widget-container\">\n\t\t\t\t\t\t\t<div class=\"elementor-spacer\">\n\t\t\t<div class=\"elementor-spacer-inner\"><\/div>\n\t\t<\/div>\n\t\t\t\t\t\t<\/div>\n\t\t\t\t<\/div>\n\t\t\t\t<div class=\"elementor-element elementor-element-6f6613f elementor-widget elementor-widget-image\" data-id=\"6f6613f\" data-element_type=\"widget\" data-e-type=\"widget\" data-widget_type=\"image.default\">\n\t\t\t\t<div class=\"elementor-widget-container\">\n\t\t\t\t\t\t\t\t\t\t\t\t\t\t\t<img decoding=\"async\" width=\"1440\" height=\"1024\" src=\"https:\/\/mateuspelanda.umbalab.art\/wp-content\/uploads\/2025\/04\/CoolSpotted-02.png\" class=\"attachment-full size-full wp-image-326\" alt=\"\" srcset=\"https:\/\/mateuspelanda.umbalab.art\/wp-content\/uploads\/2025\/04\/CoolSpotted-02.png 1440w, https:\/\/mateuspelanda.umbalab.art\/wp-content\/uploads\/2025\/04\/CoolSpotted-02-300x213.png 300w, https:\/\/mateuspelanda.umbalab.art\/wp-content\/uploads\/2025\/04\/CoolSpotted-02-1024x728.png 1024w, https:\/\/mateuspelanda.umbalab.art\/wp-content\/uploads\/2025\/04\/CoolSpotted-02-768x546.png 768w\" sizes=\"(max-width: 1440px) 100vw, 1440px\" \/>\t\t\t\t\t\t\t\t\t\t\t\t\t\t\t<\/div>\n\t\t\t\t<\/div>\n\t\t\t\t<div class=\"elementor-element elementor-element-e37622f elementor-widget elementor-widget-image\" data-id=\"e37622f\" data-element_type=\"widget\" data-e-type=\"widget\" data-widget_type=\"image.default\">\n\t\t\t\t<div class=\"elementor-widget-container\">\n\t\t\t\t\t\t\t\t\t\t\t\t\t\t\t<img decoding=\"async\" width=\"1440\" height=\"1024\" src=\"https:\/\/mateuspelanda.umbalab.art\/wp-content\/uploads\/2025\/04\/CoolSpotted-03.png\" class=\"attachment-full size-full wp-image-327\" alt=\"\" srcset=\"https:\/\/mateuspelanda.umbalab.art\/wp-content\/uploads\/2025\/04\/CoolSpotted-03.png 1440w, https:\/\/mateuspelanda.umbalab.art\/wp-content\/uploads\/2025\/04\/CoolSpotted-03-300x213.png 300w, https:\/\/mateuspelanda.umbalab.art\/wp-content\/uploads\/2025\/04\/CoolSpotted-03-1024x728.png 1024w, https:\/\/mateuspelanda.umbalab.art\/wp-content\/uploads\/2025\/04\/CoolSpotted-03-768x546.png 768w\" sizes=\"(max-width: 1440px) 100vw, 1440px\" \/>\t\t\t\t\t\t\t\t\t\t\t\t\t\t\t<\/div>\n\t\t\t\t<\/div>\n\t\t\t\t<div class=\"elementor-element elementor-element-5693e97 elementor-widget elementor-widget-image\" data-id=\"5693e97\" data-element_type=\"widget\" data-e-type=\"widget\" data-widget_type=\"image.default\">\n\t\t\t\t<div class=\"elementor-widget-container\">\n\t\t\t\t\t\t\t\t\t\t\t\t\t\t\t<img loading=\"lazy\" decoding=\"async\" width=\"1440\" height=\"1024\" src=\"https:\/\/mateuspelanda.umbalab.art\/wp-content\/uploads\/2025\/04\/CoolSpotted-04.png\" class=\"attachment-full size-full wp-image-328\" alt=\"\" srcset=\"https:\/\/mateuspelanda.umbalab.art\/wp-content\/uploads\/2025\/04\/CoolSpotted-04.png 1440w, https:\/\/mateuspelanda.umbalab.art\/wp-content\/uploads\/2025\/04\/CoolSpotted-04-300x213.png 300w, https:\/\/mateuspelanda.umbalab.art\/wp-content\/uploads\/2025\/04\/CoolSpotted-04-1024x728.png 1024w, https:\/\/mateuspelanda.umbalab.art\/wp-content\/uploads\/2025\/04\/CoolSpotted-04-768x546.png 768w\" sizes=\"(max-width: 1440px) 100vw, 1440px\" \/>\t\t\t\t\t\t\t\t\t\t\t\t\t\t\t<\/div>\n\t\t\t\t<\/div>\n\t\t\t\t<div class=\"elementor-element elementor-element-ba60c10 elementor-widget elementor-widget-image\" data-id=\"ba60c10\" data-element_type=\"widget\" data-e-type=\"widget\" data-widget_type=\"image.default\">\n\t\t\t\t<div class=\"elementor-widget-container\">\n\t\t\t\t\t\t\t\t\t\t\t\t\t\t\t<img loading=\"lazy\" decoding=\"async\" width=\"1440\" height=\"834\" src=\"https:\/\/mateuspelanda.umbalab.art\/wp-content\/uploads\/2025\/04\/CoolSpotted-05.png\" class=\"attachment-full size-full wp-image-329\" alt=\"\" srcset=\"https:\/\/mateuspelanda.umbalab.art\/wp-content\/uploads\/2025\/04\/CoolSpotted-05.png 1440w, https:\/\/mateuspelanda.umbalab.art\/wp-content\/uploads\/2025\/04\/CoolSpotted-05-300x174.png 300w, https:\/\/mateuspelanda.umbalab.art\/wp-content\/uploads\/2025\/04\/CoolSpotted-05-1024x593.png 1024w, https:\/\/mateuspelanda.umbalab.art\/wp-content\/uploads\/2025\/04\/CoolSpotted-05-768x445.png 768w\" sizes=\"(max-width: 1440px) 100vw, 1440px\" \/>\t\t\t\t\t\t\t\t\t\t\t\t\t\t\t<\/div>\n\t\t\t\t<\/div>\n\t\t\t\t<div class=\"elementor-element elementor-element-bdf8f3f elementor-widget elementor-widget-video\" data-id=\"bdf8f3f\" data-element_type=\"widget\" data-e-type=\"widget\" data-settings=\"{&quot;youtube_url&quot;:&quot;https:\\\/\\\/youtu.be\\\/b-5fQD41Hwk?si=FF_5ei5y0FAf-WAU&quot;,&quot;video_type&quot;:&quot;youtube&quot;,&quot;controls&quot;:&quot;yes&quot;}\" data-widget_type=\"video.default\">\n\t\t\t\t<div class=\"elementor-widget-container\">\n\t\t\t\t\t\t\t<div class=\"elementor-wrapper elementor-open-inline\">\n\t\t\t<div class=\"elementor-video\"><\/div>\t\t<\/div>\n\t\t\t\t\t\t<\/div>\n\t\t\t\t<\/div>\n\t\t\t\t<\/div>\n\t\t\t\t<\/div>","protected":false},"excerpt":{"rendered":"<p>About CoolSpotted was an app that I developed in 2018. Here I acted as UI and UX Designer, but also as developer (Swift language). At the time that I developed the app, I was at the Apple Developer Academy and did all the design and programming in one week. The idea here was to develop a mobile app (iOS) that would work as a communication system for people send instant messages about how a place is, share infos about discounts in some market, flirt, find their friends if they get lost and so on. On this platform, posts could only be made if the person was at the location; otherwise, it was only possible to read the comments of those who where there. The messages lasted 24 hours and, after that, they were deleted.<\/p>","protected":false},"author":1,"featured_media":0,"parent":0,"menu_order":0,"comment_status":"closed","ping_status":"closed","template":"","meta":{"nf_dc_page":"","site-sidebar-layout":"no-sidebar","site-content-layout":"","ast-site-content-layout":"full-width-container","site-content-style":"default","site-sidebar-style":"default","ast-global-header-display":"","ast-banner-title-visibility":"","ast-main-header-display":"","ast-hfb-above-header-display":"","ast-hfb-below-header-display":"","ast-hfb-mobile-header-display":"","site-post-title":"disabled","ast-breadcrumbs-content":"","ast-featured-img":"disabled","footer-sml-layout":"","ast-disable-related-posts":"","theme-transparent-header-meta":"","adv-header-id-meta":"","stick-header-meta":"","header-above-stick-meta":"","header-main-stick-meta":"","header-below-stick-meta":"","astra-migrate-meta-layouts":"default","ast-page-background-enabled":"default","ast-page-background-meta":{"desktop":{"background-color":"var(--ast-global-color-5)","background-image":"","background-repeat":"repeat","background-position":"center center","background-size":"auto","background-attachment":"scroll","background-type":"","background-media":"","overlay-type":"","overlay-color":"","overlay-opacity":"","overlay-gradient":""},"tablet":{"background-color":"","background-image":"","background-repeat":"repeat","background-position":"center center","background-size":"auto","background-attachment":"scroll","background-type":"","background-media":"","overlay-type":"","overlay-color":"","overlay-opacity":"","overlay-gradient":""},"mobile":{"background-color":"","background-image":"","background-repeat":"repeat","background-position":"center center","background-size":"auto","background-attachment":"scroll","background-type":"","background-media":"","overlay-type":"","overlay-color":"","overlay-opacity":"","overlay-gradient":""}},"ast-content-background-meta":{"desktop":{"background-color":"var(--ast-global-color-4)","background-image":"","background-repeat":"repeat","background-position":"center center","background-size":"auto","background-attachment":"scroll","background-type":"","background-media":"","overlay-type":"","overlay-color":"","overlay-opacity":"","overlay-gradient":""},"tablet":{"background-color":"var(--ast-global-color-4)","background-image":"","background-repeat":"repeat","background-position":"center center","background-size":"auto","background-attachment":"scroll","background-type":"","background-media":"","overlay-type":"","overlay-color":"","overlay-opacity":"","overlay-gradient":""},"mobile":{"background-color":"var(--ast-global-color-4)","background-image":"","background-repeat":"repeat","background-position":"center center","background-size":"auto","background-attachment":"scroll","background-type":"","background-media":"","overlay-type":"","overlay-color":"","overlay-opacity":"","overlay-gradient":""}},"footnotes":""},"class_list":["post-323","page","type-page","status-publish","hentry"],"_links":{"self":[{"href":"https:\/\/mateuspelanda.umbalab.art\/pt\/wp-json\/wp\/v2\/pages\/323","targetHints":{"allow":["GET"]}}],"collection":[{"href":"https:\/\/mateuspelanda.umbalab.art\/pt\/wp-json\/wp\/v2\/pages"}],"about":[{"href":"https:\/\/mateuspelanda.umbalab.art\/pt\/wp-json\/wp\/v2\/types\/page"}],"author":[{"embeddable":true,"href":"https:\/\/mateuspelanda.umbalab.art\/pt\/wp-json\/wp\/v2\/users\/1"}],"replies":[{"embeddable":true,"href":"https:\/\/mateuspelanda.umbalab.art\/pt\/wp-json\/wp\/v2\/comments?post=323"}],"version-history":[{"count":5,"href":"https:\/\/mateuspelanda.umbalab.art\/pt\/wp-json\/wp\/v2\/pages\/323\/revisions"}],"predecessor-version":[{"id":357,"href":"https:\/\/mateuspelanda.umbalab.art\/pt\/wp-json\/wp\/v2\/pages\/323\/revisions\/357"}],"wp:attachment":[{"href":"https:\/\/mateuspelanda.umbalab.art\/pt\/wp-json\/wp\/v2\/media?parent=323"}],"curies":[{"name":"wp","href":"https:\/\/api.w.org\/{rel}","templated":true}]}}