{"id":191,"date":"2025-04-09T00:44:41","date_gmt":"2025-04-09T00:44:41","guid":{"rendered":"https:\/\/mateuspelanda.umbalab.art\/?page_id=191"},"modified":"2025-04-10T02:48:40","modified_gmt":"2025-04-10T02:48:40","slug":"conexaov","status":"publish","type":"page","link":"https:\/\/mateuspelanda.umbalab.art\/pt\/conexaov\/","title":{"rendered":"Conex\u00e3o#V"},"content":{"rendered":"<div data-elementor-type=\"wp-page\" data-elementor-id=\"191\" class=\"elementor elementor-191\" data-elementor-settings=\"{&quot;ha_cmc_init_switcher&quot;:&quot;no&quot;}\">\n\t\t\t\t<div class=\"elementor-element elementor-element-7d1c215 e-con-full e-flex wpr-particle-no wpr-jarallax-no wpr-parallax-no wpr-sticky-section-no wpr-column-slider-no wpr-equal-height-no e-con e-parent\" data-id=\"7d1c215\" data-element_type=\"container\" data-e-type=\"container\" data-settings=\"{&quot;background_background&quot;:&quot;classic&quot;,&quot;_ha_eqh_enable&quot;:false}\">\n\t\t\t\t<div class=\"elementor-element elementor-element-c4931b8 elementor-widget elementor-widget-image\" data-id=\"c4931b8\" data-element_type=\"widget\" data-e-type=\"widget\" data-widget_type=\"image.default\">\n\t\t\t\t<div class=\"elementor-widget-container\">\n\t\t\t\t\t\t\t\t\t\t\t\t\t\t\t<img fetchpriority=\"high\" decoding=\"async\" width=\"1440\" height=\"1024\" src=\"https:\/\/mateuspelanda.umbalab.art\/wp-content\/uploads\/2025\/04\/Conexao-V-01-1.png\" class=\"attachment-full size-full wp-image-193\" alt=\"\" srcset=\"https:\/\/mateuspelanda.umbalab.art\/wp-content\/uploads\/2025\/04\/Conexao-V-01-1.png 1440w, https:\/\/mateuspelanda.umbalab.art\/wp-content\/uploads\/2025\/04\/Conexao-V-01-1-300x213.png 300w, https:\/\/mateuspelanda.umbalab.art\/wp-content\/uploads\/2025\/04\/Conexao-V-01-1-1024x728.png 1024w, https:\/\/mateuspelanda.umbalab.art\/wp-content\/uploads\/2025\/04\/Conexao-V-01-1-768x546.png 768w\" sizes=\"(max-width: 1440px) 100vw, 1440px\" \/>\t\t\t\t\t\t\t\t\t\t\t\t\t\t\t<\/div>\n\t\t\t\t<\/div>\n\t\t\t\t<div class=\"elementor-element elementor-element-52cba17 elementor-widget elementor-widget-spacer\" data-id=\"52cba17\" data-element_type=\"widget\" data-e-type=\"widget\" data-widget_type=\"spacer.default\">\n\t\t\t\t<div class=\"elementor-widget-container\">\n\t\t\t\t\t\t\t<div class=\"elementor-spacer\">\n\t\t\t<div class=\"elementor-spacer-inner\"><\/div>\n\t\t<\/div>\n\t\t\t\t\t\t<\/div>\n\t\t\t\t<\/div>\n\t\t\t\t<div class=\"elementor-element elementor-element-c1af5f1 elementor-widget elementor-widget-heading\" data-id=\"c1af5f1\" data-element_type=\"widget\" data-e-type=\"widget\" data-widget_type=\"heading.default\">\n\t\t\t\t<div class=\"elementor-widget-container\">\n\t\t\t\t\t<h2 class=\"elementor-heading-title elementor-size-default\">Sobre<\/h2>\t\t\t\t<\/div>\n\t\t\t\t<\/div>\n\t\t\t\t<div class=\"elementor-element elementor-element-8343ffe elementor-widget elementor-widget-text-editor\" data-id=\"8343ffe\" data-element_type=\"widget\" data-e-type=\"widget\" data-widget_type=\"text-editor.default\">\n\t\t\t\t<div class=\"elementor-widget-container\">\n\t\t\t\t\t\t\t\t\t<div>Conex\u00e3o#V foi a quinta edi\u00e7\u00e3o de um evento de Arte, Ci\u00eancia e Tecnologia promovido pelo N\u00facleo de Arte e Tecnologia da Faculdade de Artes do Paran\u00e1. Essa edi\u00e7\u00e3o ocorreu em julho de 2023. Al\u00e9m de eu ter atuado como co-organizador e ter co-desenvolvido a identidade visual do evento (junto a Bianca C. Orsso e Luiz Ant\u00f4nio Z. Salgado), tamb\u00e9m fui designer para a produ\u00e7\u00e3o do material de divulga\u00e7\u00e3o do evento.<\/div><div><span style=\"font-size: 24px;\">Para acessar o s\u00edtio eletr\u00f4nico do evento:\u00a0<a href=\"https:\/\/conexao.natfap.art\/\">https:\/\/conexao.natfap.art<\/a><\/span><br \/><span style=\"font-size: 24px;\">Para acessar o instagram do evento:\u00a0<a href=\"https:\/\/www.instagram.com\/conexao.natfap\/\">https:\/\/www.instagram.com\/conexao.natfap<\/a><\/span><\/div>\t\t\t\t\t\t\t\t<\/div>\n\t\t\t\t<\/div>\n\t\t\t\t<div class=\"elementor-element elementor-element-c24d132 elementor-widget elementor-widget-spacer\" data-id=\"c24d132\" data-element_type=\"widget\" data-e-type=\"widget\" data-widget_type=\"spacer.default\">\n\t\t\t\t<div class=\"elementor-widget-container\">\n\t\t\t\t\t\t\t<div class=\"elementor-spacer\">\n\t\t\t<div class=\"elementor-spacer-inner\"><\/div>\n\t\t<\/div>\n\t\t\t\t\t\t<\/div>\n\t\t\t\t<\/div>\n\t\t\t\t<div class=\"elementor-element elementor-element-77e447e elementor-widget elementor-widget-image\" data-id=\"77e447e\" data-element_type=\"widget\" data-e-type=\"widget\" data-widget_type=\"image.default\">\n\t\t\t\t<div class=\"elementor-widget-container\">\n\t\t\t\t\t\t\t\t\t\t\t\t\t\t\t<img decoding=\"async\" width=\"1920\" height=\"1080\" src=\"https:\/\/mateuspelanda.umbalab.art\/wp-content\/uploads\/2025\/04\/Conexao-Posts-Instagram-01.gif\" class=\"attachment-full size-full wp-image-199\" alt=\"\" \/>\t\t\t\t\t\t\t\t\t\t\t\t\t\t\t<\/div>\n\t\t\t\t<\/div>\n\t\t\t\t<div class=\"elementor-element elementor-element-6f6613f elementor-widget elementor-widget-image\" data-id=\"6f6613f\" data-element_type=\"widget\" data-e-type=\"widget\" data-widget_type=\"image.default\">\n\t\t\t\t<div class=\"elementor-widget-container\">\n\t\t\t\t\t\t\t\t\t\t\t\t\t\t\t<img decoding=\"async\" width=\"1920\" height=\"1080\" src=\"https:\/\/mateuspelanda.umbalab.art\/wp-content\/uploads\/2025\/04\/Conexao-Posts-Instagram-02.gif\" class=\"attachment-full size-full wp-image-198\" alt=\"\" \/>\t\t\t\t\t\t\t\t\t\t\t\t\t\t\t<\/div>\n\t\t\t\t<\/div>\n\t\t\t\t<div class=\"elementor-element elementor-element-e37622f elementor-widget elementor-widget-image\" data-id=\"e37622f\" data-element_type=\"widget\" data-e-type=\"widget\" data-widget_type=\"image.default\">\n\t\t\t\t<div class=\"elementor-widget-container\">\n\t\t\t\t\t\t\t\t\t\t\t\t\t\t\t<img loading=\"lazy\" decoding=\"async\" width=\"1440\" height=\"1024\" src=\"https:\/\/mateuspelanda.umbalab.art\/wp-content\/uploads\/2025\/04\/Conexao-V-02.png\" class=\"attachment-full size-full wp-image-197\" alt=\"\" srcset=\"https:\/\/mateuspelanda.umbalab.art\/wp-content\/uploads\/2025\/04\/Conexao-V-02.png 1440w, https:\/\/mateuspelanda.umbalab.art\/wp-content\/uploads\/2025\/04\/Conexao-V-02-300x213.png 300w, https:\/\/mateuspelanda.umbalab.art\/wp-content\/uploads\/2025\/04\/Conexao-V-02-1024x728.png 1024w, https:\/\/mateuspelanda.umbalab.art\/wp-content\/uploads\/2025\/04\/Conexao-V-02-768x546.png 768w\" sizes=\"(max-width: 1440px) 100vw, 1440px\" \/>\t\t\t\t\t\t\t\t\t\t\t\t\t\t\t<\/div>\n\t\t\t\t<\/div>\n\t\t\t\t<div class=\"elementor-element elementor-element-5693e97 elementor-widget elementor-widget-image\" data-id=\"5693e97\" data-element_type=\"widget\" data-e-type=\"widget\" data-widget_type=\"image.default\">\n\t\t\t\t<div class=\"elementor-widget-container\">\n\t\t\t\t\t\t\t\t\t\t\t\t\t\t\t<img loading=\"lazy\" decoding=\"async\" width=\"1440\" height=\"1024\" src=\"https:\/\/mateuspelanda.umbalab.art\/wp-content\/uploads\/2025\/04\/Conexao-V-03.png\" class=\"attachment-full size-full wp-image-196\" alt=\"\" srcset=\"https:\/\/mateuspelanda.umbalab.art\/wp-content\/uploads\/2025\/04\/Conexao-V-03.png 1440w, https:\/\/mateuspelanda.umbalab.art\/wp-content\/uploads\/2025\/04\/Conexao-V-03-300x213.png 300w, https:\/\/mateuspelanda.umbalab.art\/wp-content\/uploads\/2025\/04\/Conexao-V-03-1024x728.png 1024w, https:\/\/mateuspelanda.umbalab.art\/wp-content\/uploads\/2025\/04\/Conexao-V-03-768x546.png 768w\" sizes=\"(max-width: 1440px) 100vw, 1440px\" \/>\t\t\t\t\t\t\t\t\t\t\t\t\t\t\t<\/div>\n\t\t\t\t<\/div>\n\t\t\t\t<div class=\"elementor-element elementor-element-67fcd95 elementor-widget elementor-widget-image\" data-id=\"67fcd95\" data-element_type=\"widget\" data-e-type=\"widget\" data-widget_type=\"image.default\">\n\t\t\t\t<div class=\"elementor-widget-container\">\n\t\t\t\t\t\t\t\t\t\t\t\t\t\t\t<img loading=\"lazy\" decoding=\"async\" width=\"1440\" height=\"1024\" src=\"https:\/\/mateuspelanda.umbalab.art\/wp-content\/uploads\/2025\/04\/Conexao-V-04.png\" class=\"attachment-full size-full wp-image-195\" alt=\"\" srcset=\"https:\/\/mateuspelanda.umbalab.art\/wp-content\/uploads\/2025\/04\/Conexao-V-04.png 1440w, https:\/\/mateuspelanda.umbalab.art\/wp-content\/uploads\/2025\/04\/Conexao-V-04-300x213.png 300w, https:\/\/mateuspelanda.umbalab.art\/wp-content\/uploads\/2025\/04\/Conexao-V-04-1024x728.png 1024w, https:\/\/mateuspelanda.umbalab.art\/wp-content\/uploads\/2025\/04\/Conexao-V-04-768x546.png 768w\" sizes=\"(max-width: 1440px) 100vw, 1440px\" \/>\t\t\t\t\t\t\t\t\t\t\t\t\t\t\t<\/div>\n\t\t\t\t<\/div>\n\t\t\t\t<div class=\"elementor-element elementor-element-2557dd9 elementor-widget elementor-widget-image\" data-id=\"2557dd9\" data-element_type=\"widget\" data-e-type=\"widget\" data-widget_type=\"image.default\">\n\t\t\t\t<div class=\"elementor-widget-container\">\n\t\t\t\t\t\t\t\t\t\t\t\t\t\t\t<img loading=\"lazy\" decoding=\"async\" width=\"1440\" height=\"1024\" src=\"https:\/\/mateuspelanda.umbalab.art\/wp-content\/uploads\/2025\/04\/Conexao-V-05.png\" class=\"attachment-full size-full wp-image-194\" alt=\"\" srcset=\"https:\/\/mateuspelanda.umbalab.art\/wp-content\/uploads\/2025\/04\/Conexao-V-05.png 1440w, https:\/\/mateuspelanda.umbalab.art\/wp-content\/uploads\/2025\/04\/Conexao-V-05-300x213.png 300w, https:\/\/mateuspelanda.umbalab.art\/wp-content\/uploads\/2025\/04\/Conexao-V-05-1024x728.png 1024w, https:\/\/mateuspelanda.umbalab.art\/wp-content\/uploads\/2025\/04\/Conexao-V-05-768x546.png 768w\" sizes=\"(max-width: 1440px) 100vw, 1440px\" \/>\t\t\t\t\t\t\t\t\t\t\t\t\t\t\t<\/div>\n\t\t\t\t<\/div>\n\t\t\t\t<\/div>\n\t\t\t\t<\/div>","protected":false},"excerpt":{"rendered":"<p>About Conex\u00e3o#V was the fifth edition of an Art, Science and Technology event promoted by the Art and Technology Center of the Faculty of Arts of Paran\u00e1. This edition of the event took place during July 2023. In addition to being a co-organizer and having co-developed the event&#8217;s visual identity with Bianca C. Orsso and Luiz Ant\u00f4nio Z. Salgado, I also worked as a designer for the production of the event&#8217;s promotional material.To access the event website:\u00a0https:\/\/conexao.natfap.artTo access the event instagram:\u00a0https:\/\/www.instagram.com\/conexao.natfap<\/p>","protected":false},"author":1,"featured_media":0,"parent":0,"menu_order":0,"comment_status":"closed","ping_status":"closed","template":"","meta":{"nf_dc_page":"","site-sidebar-layout":"no-sidebar","site-content-layout":"","ast-site-content-layout":"full-width-container","site-content-style":"default","site-sidebar-style":"default","ast-global-header-display":"","ast-banner-title-visibility":"","ast-main-header-display":"","ast-hfb-above-header-display":"","ast-hfb-below-header-display":"","ast-hfb-mobile-header-display":"","site-post-title":"disabled","ast-breadcrumbs-content":"","ast-featured-img":"disabled","footer-sml-layout":"","ast-disable-related-posts":"","theme-transparent-header-meta":"","adv-header-id-meta":"","stick-header-meta":"","header-above-stick-meta":"","header-main-stick-meta":"","header-below-stick-meta":"","astra-migrate-meta-layouts":"default","ast-page-background-enabled":"default","ast-page-background-meta":{"desktop":{"background-color":"var(--ast-global-color-5)","background-image":"","background-repeat":"repeat","background-position":"center center","background-size":"auto","background-attachment":"scroll","background-type":"","background-media":"","overlay-type":"","overlay-color":"","overlay-opacity":"","overlay-gradient":""},"tablet":{"background-color":"","background-image":"","background-repeat":"repeat","background-position":"center center","background-size":"auto","background-attachment":"scroll","background-type":"","background-media":"","overlay-type":"","overlay-color":"","overlay-opacity":"","overlay-gradient":""},"mobile":{"background-color":"","background-image":"","background-repeat":"repeat","background-position":"center center","background-size":"auto","background-attachment":"scroll","background-type":"","background-media":"","overlay-type":"","overlay-color":"","overlay-opacity":"","overlay-gradient":""}},"ast-content-background-meta":{"desktop":{"background-color":"var(--ast-global-color-4)","background-image":"","background-repeat":"repeat","background-position":"center center","background-size":"auto","background-attachment":"scroll","background-type":"","background-media":"","overlay-type":"","overlay-color":"","overlay-opacity":"","overlay-gradient":""},"tablet":{"background-color":"var(--ast-global-color-4)","background-image":"","background-repeat":"repeat","background-position":"center center","background-size":"auto","background-attachment":"scroll","background-type":"","background-media":"","overlay-type":"","overlay-color":"","overlay-opacity":"","overlay-gradient":""},"mobile":{"background-color":"var(--ast-global-color-4)","background-image":"","background-repeat":"repeat","background-position":"center center","background-size":"auto","background-attachment":"scroll","background-type":"","background-media":"","overlay-type":"","overlay-color":"","overlay-opacity":"","overlay-gradient":""}},"footnotes":""},"class_list":["post-191","page","type-page","status-publish","hentry"],"_links":{"self":[{"href":"https:\/\/mateuspelanda.umbalab.art\/pt\/wp-json\/wp\/v2\/pages\/191","targetHints":{"allow":["GET"]}}],"collection":[{"href":"https:\/\/mateuspelanda.umbalab.art\/pt\/wp-json\/wp\/v2\/pages"}],"about":[{"href":"https:\/\/mateuspelanda.umbalab.art\/pt\/wp-json\/wp\/v2\/types\/page"}],"author":[{"embeddable":true,"href":"https:\/\/mateuspelanda.umbalab.art\/pt\/wp-json\/wp\/v2\/users\/1"}],"replies":[{"embeddable":true,"href":"https:\/\/mateuspelanda.umbalab.art\/pt\/wp-json\/wp\/v2\/comments?post=191"}],"version-history":[{"count":5,"href":"https:\/\/mateuspelanda.umbalab.art\/pt\/wp-json\/wp\/v2\/pages\/191\/revisions"}],"predecessor-version":[{"id":369,"href":"https:\/\/mateuspelanda.umbalab.art\/pt\/wp-json\/wp\/v2\/pages\/191\/revisions\/369"}],"wp:attachment":[{"href":"https:\/\/mateuspelanda.umbalab.art\/pt\/wp-json\/wp\/v2\/media?parent=191"}],"curies":[{"name":"wp","href":"https:\/\/api.w.org\/{rel}","templated":true}]}}