{"id":176,"date":"2025-04-08T22:49:17","date_gmt":"2025-04-08T22:49:17","guid":{"rendered":"https:\/\/mateuspelanda.umbalab.art\/?page_id=176"},"modified":"2025-04-13T03:03:33","modified_gmt":"2025-04-13T03:03:33","slug":"sketchbooknotes","status":"publish","type":"page","link":"https:\/\/mateuspelanda.umbalab.art\/pt\/sketchbooknotes\/","title":{"rendered":"SketchBook Notes"},"content":{"rendered":"<div data-elementor-type=\"wp-page\" data-elementor-id=\"176\" class=\"elementor elementor-176\" data-elementor-settings=\"{&quot;ha_cmc_init_switcher&quot;:&quot;no&quot;}\">\n\t\t\t\t<div class=\"elementor-element elementor-element-7d1c215 e-con-full e-flex wpr-particle-no wpr-jarallax-no wpr-parallax-no wpr-sticky-section-no wpr-column-slider-no wpr-equal-height-no e-con e-parent\" data-id=\"7d1c215\" data-element_type=\"container\" data-e-type=\"container\" data-settings=\"{&quot;background_background&quot;:&quot;classic&quot;,&quot;_ha_eqh_enable&quot;:false}\">\n\t\t\t\t<div class=\"elementor-element elementor-element-c4931b8 elementor-widget elementor-widget-image\" data-id=\"c4931b8\" data-element_type=\"widget\" data-e-type=\"widget\" data-widget_type=\"image.default\">\n\t\t\t\t<div class=\"elementor-widget-container\">\n\t\t\t\t\t\t\t\t\t\t\t\t\t\t\t<img fetchpriority=\"high\" decoding=\"async\" width=\"1920\" height=\"1080\" src=\"https:\/\/mateuspelanda.umbalab.art\/wp-content\/uploads\/2025\/04\/SketchbookNotes01.gif\" class=\"attachment-full size-full wp-image-178\" alt=\"\" \/>\t\t\t\t\t\t\t\t\t\t\t\t\t\t\t<\/div>\n\t\t\t\t<\/div>\n\t\t\t\t<div class=\"elementor-element elementor-element-a16caf6 elementor-widget elementor-widget-spacer\" data-id=\"a16caf6\" data-element_type=\"widget\" data-e-type=\"widget\" data-widget_type=\"spacer.default\">\n\t\t\t\t<div class=\"elementor-widget-container\">\n\t\t\t\t\t\t\t<div class=\"elementor-spacer\">\n\t\t\t<div class=\"elementor-spacer-inner\"><\/div>\n\t\t<\/div>\n\t\t\t\t\t\t<\/div>\n\t\t\t\t<\/div>\n\t\t\t\t<div class=\"elementor-element elementor-element-0b4faae elementor-widget elementor-widget-heading\" data-id=\"0b4faae\" data-element_type=\"widget\" data-e-type=\"widget\" data-widget_type=\"heading.default\">\n\t\t\t\t<div class=\"elementor-widget-container\">\n\t\t\t\t\t<h2 class=\"elementor-heading-title elementor-size-default\">Sobre<\/h2>\t\t\t\t<\/div>\n\t\t\t\t<\/div>\n\t\t\t\t<div class=\"elementor-element elementor-element-0b0f3cb elementor-widget elementor-widget-text-editor\" data-id=\"0b0f3cb\" data-element_type=\"widget\" data-e-type=\"widget\" data-widget_type=\"text-editor.default\">\n\t\t\t\t<div class=\"elementor-widget-container\">\n\t\t\t\t\t\t\t\t\t<div><span style=\"font-size: 24px;\">Uma fonte escrita a-m\u00e3o baseada nas minhas anota\u00e7\u00f5es de cadernos de rascunhos. Projetei essa fonte no in\u00edcio de 2025 e ela \u00e9 livre para qualquer uso (pessoal ou comercial<\/span>).<br \/>Deixei o download da fonte dispon\u00edvel na plataforma GumRoad. Link:\u00a0<a href=\"http:\/\/mateuspelanda.gumroad.com\/l\/xamzr\">mateuspelanda.gumroad.com\/l\/xamzr<\/a><\/div>\t\t\t\t\t\t\t\t<\/div>\n\t\t\t\t<\/div>\n\t\t\t\t<div class=\"elementor-element elementor-element-d5bcaaa elementor-widget elementor-widget-spacer\" data-id=\"d5bcaaa\" data-element_type=\"widget\" data-e-type=\"widget\" data-widget_type=\"spacer.default\">\n\t\t\t\t<div class=\"elementor-widget-container\">\n\t\t\t\t\t\t\t<div class=\"elementor-spacer\">\n\t\t\t<div class=\"elementor-spacer-inner\"><\/div>\n\t\t<\/div>\n\t\t\t\t\t\t<\/div>\n\t\t\t\t<\/div>\n\t\t\t\t<div class=\"elementor-element elementor-element-77e447e elementor-widget elementor-widget-image\" data-id=\"77e447e\" data-element_type=\"widget\" data-e-type=\"widget\" data-widget_type=\"image.default\">\n\t\t\t\t<div class=\"elementor-widget-container\">\n\t\t\t\t\t\t\t\t\t\t\t\t\t\t\t<img decoding=\"async\" width=\"1920\" height=\"1080\" src=\"https:\/\/mateuspelanda.umbalab.art\/wp-content\/uploads\/2025\/04\/SketchbookNotes02.gif\" class=\"attachment-full size-full wp-image-180\" alt=\"\" \/>\t\t\t\t\t\t\t\t\t\t\t\t\t\t\t<\/div>\n\t\t\t\t<\/div>\n\t\t\t\t<div class=\"elementor-element elementor-element-6f6613f elementor-widget elementor-widget-image\" data-id=\"6f6613f\" data-element_type=\"widget\" data-e-type=\"widget\" data-widget_type=\"image.default\">\n\t\t\t\t<div class=\"elementor-widget-container\">\n\t\t\t\t\t\t\t\t\t\t\t\t\t\t\t<img decoding=\"async\" width=\"1920\" height=\"1080\" src=\"https:\/\/mateuspelanda.umbalab.art\/wp-content\/uploads\/2025\/04\/SketchbookNotes03.gif\" class=\"attachment-full size-full wp-image-179\" alt=\"\" \/>\t\t\t\t\t\t\t\t\t\t\t\t\t\t\t<\/div>\n\t\t\t\t<\/div>\n\t\t\t\t<div class=\"elementor-element elementor-element-e37622f elementor-widget elementor-widget-image\" data-id=\"e37622f\" data-element_type=\"widget\" data-e-type=\"widget\" data-widget_type=\"image.default\">\n\t\t\t\t<div class=\"elementor-widget-container\">\n\t\t\t\t\t\t\t\t\t\t\t\t\t\t\t<img loading=\"lazy\" decoding=\"async\" width=\"1440\" height=\"1024\" src=\"https:\/\/mateuspelanda.umbalab.art\/wp-content\/uploads\/2025\/04\/SketchBook-Notes-02-C.png\" class=\"attachment-full size-full wp-image-181\" alt=\"\" srcset=\"https:\/\/mateuspelanda.umbalab.art\/wp-content\/uploads\/2025\/04\/SketchBook-Notes-02-C.png 1440w, https:\/\/mateuspelanda.umbalab.art\/wp-content\/uploads\/2025\/04\/SketchBook-Notes-02-C-300x213.png 300w, https:\/\/mateuspelanda.umbalab.art\/wp-content\/uploads\/2025\/04\/SketchBook-Notes-02-C-1024x728.png 1024w, https:\/\/mateuspelanda.umbalab.art\/wp-content\/uploads\/2025\/04\/SketchBook-Notes-02-C-768x546.png 768w\" sizes=\"(max-width: 1440px) 100vw, 1440px\" \/>\t\t\t\t\t\t\t\t\t\t\t\t\t\t\t<\/div>\n\t\t\t\t<\/div>\n\t\t\t\t<div class=\"elementor-element elementor-element-5693e97 elementor-widget elementor-widget-image\" data-id=\"5693e97\" data-element_type=\"widget\" data-e-type=\"widget\" data-widget_type=\"image.default\">\n\t\t\t\t<div class=\"elementor-widget-container\">\n\t\t\t\t\t\t\t\t\t\t\t\t\t\t\t<img loading=\"lazy\" decoding=\"async\" width=\"1440\" height=\"1024\" src=\"https:\/\/mateuspelanda.umbalab.art\/wp-content\/uploads\/2025\/04\/SketchBook-Notes-02-B.png\" class=\"attachment-full size-full wp-image-182\" alt=\"\" srcset=\"https:\/\/mateuspelanda.umbalab.art\/wp-content\/uploads\/2025\/04\/SketchBook-Notes-02-B.png 1440w, https:\/\/mateuspelanda.umbalab.art\/wp-content\/uploads\/2025\/04\/SketchBook-Notes-02-B-300x213.png 300w, https:\/\/mateuspelanda.umbalab.art\/wp-content\/uploads\/2025\/04\/SketchBook-Notes-02-B-1024x728.png 1024w, https:\/\/mateuspelanda.umbalab.art\/wp-content\/uploads\/2025\/04\/SketchBook-Notes-02-B-768x546.png 768w\" sizes=\"(max-width: 1440px) 100vw, 1440px\" \/>\t\t\t\t\t\t\t\t\t\t\t\t\t\t\t<\/div>\n\t\t\t\t<\/div>\n\t\t\t\t<div class=\"elementor-element elementor-element-67fcd95 elementor-widget elementor-widget-image\" data-id=\"67fcd95\" data-element_type=\"widget\" data-e-type=\"widget\" data-widget_type=\"image.default\">\n\t\t\t\t<div class=\"elementor-widget-container\">\n\t\t\t\t\t\t\t\t\t\t\t\t\t\t\t<img loading=\"lazy\" decoding=\"async\" width=\"1440\" height=\"1024\" src=\"https:\/\/mateuspelanda.umbalab.art\/wp-content\/uploads\/2025\/04\/SketchBook-Notes-02-A.png\" class=\"attachment-full size-full wp-image-183\" alt=\"\" srcset=\"https:\/\/mateuspelanda.umbalab.art\/wp-content\/uploads\/2025\/04\/SketchBook-Notes-02-A.png 1440w, https:\/\/mateuspelanda.umbalab.art\/wp-content\/uploads\/2025\/04\/SketchBook-Notes-02-A-300x213.png 300w, https:\/\/mateuspelanda.umbalab.art\/wp-content\/uploads\/2025\/04\/SketchBook-Notes-02-A-1024x728.png 1024w, https:\/\/mateuspelanda.umbalab.art\/wp-content\/uploads\/2025\/04\/SketchBook-Notes-02-A-768x546.png 768w\" sizes=\"(max-width: 1440px) 100vw, 1440px\" \/>\t\t\t\t\t\t\t\t\t\t\t\t\t\t\t<\/div>\n\t\t\t\t<\/div>\n\t\t\t\t<\/div>\n\t\t\t\t<\/div>","protected":false},"excerpt":{"rendered":"<p>About A handwriting typeface based on my sketchbook notes.\u00a0I designed this font in early 2025. Is free for any use (personal use or commercial use).You can download the font from the GumRoad site:\u00a0mateuspelanda.gumroad.com\/l\/xamzr<\/p>","protected":false},"author":1,"featured_media":0,"parent":0,"menu_order":0,"comment_status":"closed","ping_status":"closed","template":"","meta":{"nf_dc_page":"","site-sidebar-layout":"no-sidebar","site-content-layout":"","ast-site-content-layout":"full-width-container","site-content-style":"default","site-sidebar-style":"default","ast-global-header-display":"","ast-banner-title-visibility":"","ast-main-header-display":"","ast-hfb-above-header-display":"","ast-hfb-below-header-display":"","ast-hfb-mobile-header-display":"","site-post-title":"disabled","ast-breadcrumbs-content":"","ast-featured-img":"disabled","footer-sml-layout":"","ast-disable-related-posts":"","theme-transparent-header-meta":"","adv-header-id-meta":"","stick-header-meta":"","header-above-stick-meta":"","header-main-stick-meta":"","header-below-stick-meta":"","astra-migrate-meta-layouts":"default","ast-page-background-enabled":"default","ast-page-background-meta":{"desktop":{"background-color":"var(--ast-global-color-5)","background-image":"","background-repeat":"repeat","background-position":"center center","background-size":"auto","background-attachment":"scroll","background-type":"","background-media":"","overlay-type":"","overlay-color":"","overlay-opacity":"","overlay-gradient":""},"tablet":{"background-color":"","background-image":"","background-repeat":"repeat","background-position":"center center","background-size":"auto","background-attachment":"scroll","background-type":"","background-media":"","overlay-type":"","overlay-color":"","overlay-opacity":"","overlay-gradient":""},"mobile":{"background-color":"","background-image":"","background-repeat":"repeat","background-position":"center center","background-size":"auto","background-attachment":"scroll","background-type":"","background-media":"","overlay-type":"","overlay-color":"","overlay-opacity":"","overlay-gradient":""}},"ast-content-background-meta":{"desktop":{"background-color":"var(--ast-global-color-4)","background-image":"","background-repeat":"repeat","background-position":"center center","background-size":"auto","background-attachment":"scroll","background-type":"","background-media":"","overlay-type":"","overlay-color":"","overlay-opacity":"","overlay-gradient":""},"tablet":{"background-color":"var(--ast-global-color-4)","background-image":"","background-repeat":"repeat","background-position":"center center","background-size":"auto","background-attachment":"scroll","background-type":"","background-media":"","overlay-type":"","overlay-color":"","overlay-opacity":"","overlay-gradient":""},"mobile":{"background-color":"var(--ast-global-color-4)","background-image":"","background-repeat":"repeat","background-position":"center center","background-size":"auto","background-attachment":"scroll","background-type":"","background-media":"","overlay-type":"","overlay-color":"","overlay-opacity":"","overlay-gradient":""}},"footnotes":""},"class_list":["post-176","page","type-page","status-publish","hentry"],"_links":{"self":[{"href":"https:\/\/mateuspelanda.umbalab.art\/pt\/wp-json\/wp\/v2\/pages\/176","targetHints":{"allow":["GET"]}}],"collection":[{"href":"https:\/\/mateuspelanda.umbalab.art\/pt\/wp-json\/wp\/v2\/pages"}],"about":[{"href":"https:\/\/mateuspelanda.umbalab.art\/pt\/wp-json\/wp\/v2\/types\/page"}],"author":[{"embeddable":true,"href":"https:\/\/mateuspelanda.umbalab.art\/pt\/wp-json\/wp\/v2\/users\/1"}],"replies":[{"embeddable":true,"href":"https:\/\/mateuspelanda.umbalab.art\/pt\/wp-json\/wp\/v2\/comments?post=176"}],"version-history":[{"count":5,"href":"https:\/\/mateuspelanda.umbalab.art\/pt\/wp-json\/wp\/v2\/pages\/176\/revisions"}],"predecessor-version":[{"id":608,"href":"https:\/\/mateuspelanda.umbalab.art\/pt\/wp-json\/wp\/v2\/pages\/176\/revisions\/608"}],"wp:attachment":[{"href":"https:\/\/mateuspelanda.umbalab.art\/pt\/wp-json\/wp\/v2\/media?parent=176"}],"curies":[{"name":"wp","href":"https:\/\/api.w.org\/{rel}","templated":true}]}}